{"id":3397,"date":"2018-05-24T06:43:10","date_gmt":"2018-05-24T06:43:10","guid":{"rendered":"http:\/\/heiko-stuetze.de\/?page_id=3397"},"modified":"2021-11-17T08:51:40","modified_gmt":"2021-11-17T08:51:40","slug":"datenschutz","status":"publish","type":"page","link":"http:\/\/heiko-stuetze.de\/?page_id=3397","title":{"rendered":""},"content":{"rendered":"<p><strong style=\"font-size: inherit;\"><big>Datenschutzerkl\u00e4rung<\/big><\/strong><\/p>\n<div class=\"s3-t s3-t0\">\n<p><strong>Allgemeiner Hinweis und Pflichtinformationen<\/strong><\/p>\n<p><strong>Benennung der verantwortlichen Stelle<\/strong><\/p>\n<p>Die verantwortliche Stelle f\u00fcr die Datenverarbeitung auf dieser Website ist:<\/p>\n<p><span id=\"s3-t-firma\">Autozentrumborbeck KFZ St\u00fctze Gbr<\/span><br \/>\n<span id=\"s3-t-ansprechpartner\">D.St\u00fctze &#8211; A.Grzenia<\/span><br \/>\n<span id=\"s3-t-strasse\">Bochholder Stra\u00dfe 161<\/span><br \/>\n<span id=\"s3-t-plz\">45355<\/span> <span id=\"s3-t-ort\">Essen<\/span><\/p>\n<p>Die verantwortliche Stelle entscheidet allein oder gemeinsam mit anderen \u00fcber die Zwecke und Mittel der Verarbeitung von personenbezogenen Daten (z.B. Namen, Kontaktdaten o. \u00c4.).<\/p>\n<p><strong>Widerruf Ihrer Einwilligung zur Datenverarbeitung<\/strong><\/p>\n<p>Nur mit Ihrer ausdr\u00fccklichen Einwilligung sind einige Vorg\u00e4nge der Datenverarbeitung m\u00f6glich. Ein Widerruf Ihrer bereits erteilten Einwilligung ist jederzeit m\u00f6glich. F\u00fcr den Widerruf gen\u00fcgt eine formlose Mitteilung per E-Mail. Die Rechtm\u00e4\u00dfigkeit der bis zum Widerruf erfolgten Datenverarbeitung bleibt vom Widerruf unber\u00fchrt.<\/p>\n<p><strong>Recht auf Beschwerde bei der zust\u00e4ndigen Aufsichtsbeh\u00f6rde<\/strong><\/p>\n<p>Als Betroffener steht Ihnen im Falle eines datenschutzrechtlichen Versto\u00dfes ein Beschwerderecht bei der zust\u00e4ndigen Aufsichtsbeh\u00f6rde zu. Zust\u00e4ndige Aufsichtsbeh\u00f6rde bez\u00fcglich datenschutzrechtlicher Fragen ist der Landesdatenschutzbeauftragte des Bundeslandes, in dem sich der Sitz unseres Unternehmens befindet. Der folgende Link stellt eine Liste der Datenschutzbeauftragten sowie deren Kontaktdaten bereit: <a href=\"https:\/\/www.bfdi.bund.de\/DE\/Infothek\/Anschriften_Links\/anschriften_links-node.html\" target=\"_blank\" rel=\"noopener\">https:\/\/www.bfdi.bund.de\/DE\/Infothek\/Anschriften_Links\/anschriften_links-node.html<\/a>.<\/p>\n<p><strong>Recht auf Daten\u00fcbertragbarkeit<\/strong><\/p>\n<p>Ihnen steht das Recht zu, Daten, die wir auf Grundlage Ihrer Einwilligung oder in Erf\u00fcllung eines Vertrags automatisiert verarbeiten, an sich oder an Dritte aush\u00e4ndigen zu lassen. Die Bereitstellung erfolgt in einem maschinenlesbaren Format. Sofern Sie die direkte \u00dcbertragung der Daten an einen anderen Verantwortlichen verlangen, erfolgt dies nur, soweit es technisch machbar ist.<\/p>\n<p><strong>Recht auf Auskunft, Berichtigung, Sperrung, L\u00f6schung<\/strong><\/p>\n<p>Sie haben jederzeit im Rahmen der geltenden gesetzlichen Bestimmungen das Recht auf unentgeltliche Auskunft \u00fcber Ihre gespeicherten personenbezogenen Daten, Herkunft der Daten, deren Empf\u00e4nger und den Zweck der Datenverarbeitung und ggf. ein Recht auf Berichtigung, Sperrung oder L\u00f6schung dieser Daten. Diesbez\u00fcglich und auch zu weiteren Fragen zum Thema personenbezogene Daten k\u00f6nnen Sie sich jederzeit \u00fcber die im Impressum aufgef\u00fchrten Kontaktm\u00f6glichkeiten an uns wenden.<\/p>\n<p><strong>SSL- bzw. TLS-Verschl\u00fcsselung<\/strong><\/p>\n<p>Aus Sicherheitsgr\u00fcnden und zum Schutz der \u00dcbertragung vertraulicher Inhalte, die Sie an uns als Seitenbetreiber senden, nutzt unsere Website eine SSL-bzw. TLS-Verschl\u00fcsselung. Damit sind Daten, die Sie \u00fcber diese Website \u00fcbermitteln, f\u00fcr Dritte nicht mitlesbar. Sie erkennen eine verschl\u00fcsselte Verbindung an der \u201ehttps:\/\/\u201c Adresszeile Ihres Browsers und am Schloss-Symbol in der Browserzeile.<\/p>\n<\/div>\n<div class=\"s3-t s3-t5\">\n<p><strong>Kontaktformular<\/strong><\/p>\n<p>Per Kontaktformular \u00fcbermittelte Daten werden einschlie\u00dflich Ihrer Kontaktdaten gespeichert, um Ihre Anfrage bearbeiten zu k\u00f6nnen oder um f\u00fcr Anschlussfragen bereitzustehen. Eine Weitergabe dieser Daten findet ohne Ihre Einwilligung nicht statt.<\/p>\n<p>Die Verarbeitung der in das Kontaktformular eingegebenen Daten erfolgt ausschlie\u00dflich auf Grundlage Ihrer Einwilligung (Art. 6 Abs. 1 lit. a DSGVO). Ein Widerruf Ihrer bereits erteilten Einwilligung ist jederzeit m\u00f6glich. F\u00fcr den Widerruf gen\u00fcgt eine formlose Mitteilung per E-Mail. Die Rechtm\u00e4\u00dfigkeit der bis zum Widerruf erfolgten Datenverarbeitungsvorg\u00e4nge bleibt vom Widerruf unber\u00fchrt.<\/p>\n<p>\u00dcber das Kontaktformular \u00fcbermittelte Daten verbleiben bei uns, bis Sie uns zur L\u00f6schung auffordern, Ihre Einwilligung zur Speicherung widerrufen oder keine Notwendigkeit der Datenspeicherung mehr besteht. Zwingende gesetzliche Bestimmungen &#8211; insbesondere Aufbewahrungsfristen &#8211; bleiben unber\u00fchrt.<\/p>\n<\/div>\n<div class=\"s3-t s3-t15\">\n<p><strong>PayPal<\/strong><\/p>\n<p>Unsere Website erm\u00f6glicht die Bezahlung via PayPal. Anbieter des Bezahldienstes ist die PayPal (Europe) S.\u00e0.r.l. et Cie, S.C.A., 22-24 Boulevard Royal, L-2449 Luxembourg.<\/p>\n<p>Wenn Sie mit PayPal bezahlen, erfolgt eine \u00dcbermittlung der von Ihnen eingegebenen Zahlungsdaten an PayPal.<\/p>\n<p>Die \u00dcbermittlung Ihrer Daten an PayPal erfolgt auf Grundlage von Art. 6 Abs. 1 lit. a DSGVO (Einwilligung) und Art. 6 Abs. 1 lit. b DSGVO (Verarbeitung zur Erf\u00fcllung eines Vertrags). Ein Widerruf Ihrer bereits erteilten Einwilligung ist jederzeit m\u00f6glich. In der Vergangenheit liegende Datenverarbeitungsvorg\u00e4nge bleiben bei einem Widerruf wirksam.<\/p>\n<\/div>\n<div class=\"s3-t s3-t17\">\n<p><strong>Sofort\u00fcberweisung<\/strong><\/p>\n<p>Unsere Website erm\u00f6glicht die Bezahlung via \u201cSofort\u00fcberweisung.\u201d Anbieter des Bezahldienstes ist die Sofort GmbH, Theresienh\u00f6he 12, 80339 M\u00fcnchen.<\/p>\n<p>Mit Hilfe des Verfahrens \u201cSofort\u00fcberweisung\u201d erhalten wir in Echtzeit eine Zahlungsbest\u00e4tigung von der Sofort GmbH und k\u00f6nnen unverz\u00fcglich mit der Erf\u00fcllung unserer Verbindlichkeiten beginnen.<\/p>\n<p>Beim Bezahlen per \u201cSofort\u00fcberweisung\u201d erfolgt eine \u00dcbermittlung Ihrer PIN und TAN an die Sofort GmbH. Der Bezahlanbieter loggt sich damit in Ihr Online-Banking-Konto ein, \u00fcberpr\u00fcft automatisch Ihren Kontostand und nimmt die \u00dcberweisung vor. Es folgt eine unverz\u00fcgliche Transaktionsbest\u00e4tigung. Ihre Ums\u00e4tze, der Kreditrahmen Ihres Dispokredits und die Existenz anderer Konten sowie deren Best\u00e4nde werden nach dem Einloggen ebenfalls automatisiert gepr\u00fcft.<\/p>\n<p>Neben PIN und TAN umfasst die \u00dcbermittlung an die Sofort GmbH au\u00dferdem Zahlungsdaten sowie Daten zu Ihrer Person. Die Daten zu Ihrer Person umfassen Vor- und Nachname, Adresse, Telefonnummer(n), Email-Adresse, IP-Adresse und ggf. weitere f\u00fcr die Zahlungsabwicklung notwendige Daten. Es besteht eine Notwendigkeit dieser Daten\u00fcbermittlung, um Ihre Identit\u00e4t zweifelsfrei zu festzustellen und Betrugsversuchen vorzubeugen.<\/p>\n<p>Die \u00dcbermittlung Ihrer Daten an die Sofort GmbH erfolgt auf Grundlage von Art. 6 Abs. 1 lit. a DSGVO (Einwilligung) und Art. 6 Abs. 1 lit. b DSGVO (Verarbeitung zur Erf\u00fcllung eines Vertrags). Ein Widerruf Ihrer bereits erteilten Einwilligung ist jederzeit m\u00f6glich. In der Vergangenheit liegende Datenverarbeitungsvorg\u00e4nge bleiben bei einem Widerruf wirksam.<\/p>\n<p>Einzelheiten zur Zahlung mit Sofort\u00fcberweisung finden Sie unter: <a href=\"https:\/\/www.sofort.de\/datenschutz.html\">https:\/\/www.sofort.de\/datenschutz.html<\/a> und <a href=\"https:\/\/www.klarna.com\/sofort\/\">https:\/\/www.klarna.com\/sofort\/<\/a>.<\/p>\n<\/div>\n<div class=\"s3-t s3-t0\">\n<p><small>Quelle: Datenschutz-Konfigurator von <a href=\"http:\/\/www.mein-datenschutzbeauftragter.de\/\" target=\"_blank\" rel=\"noopener\">mein-datenschutzbeauftragter.de<\/a><\/small><\/p>\n<\/div>\n","protected":false},"excerpt":{"rendered":"<p>Datenschutzerkl\u00e4rung Allgemeiner Hinweis und Pflichtinformationen Benennung der verantwortlichen Stelle Die verantwortliche Stelle f\u00fcr die Datenverarbeitung auf dieser Website ist: Autozentrumborbeck<\/p>\n<p><a href=\"http:\/\/heiko-stuetze.de\/?page_id=3397\" class=\"more-link\">Continue reading<span class=\"screen-reader-text\"><\/span><\/a><\/p>\n","protected":false},"author":1,"featured_media":0,"parent":0,"menu_order":0,"comment_status":"closed","ping_status":"closed","template":"","meta":[],"_links":{"self":[{"href":"http:\/\/heiko-stuetze.de\/index.php?rest_route=\/wp\/v2\/pages\/3397"}],"collection":[{"href":"http:\/\/heiko-stuetze.de\/index.php?rest_route=\/wp\/v2\/pages"}],"about":[{"href":"http:\/\/heiko-stuetze.de\/index.php?rest_route=\/wp\/v2\/types\/page"}],"author":[{"embeddable":true,"href":"http:\/\/heiko-stuetze.de\/index.php?rest_route=\/wp\/v2\/users\/1"}],"replies":[{"embeddable":true,"href":"http:\/\/heiko-stuetze.de\/index.php?rest_route=%2Fwp%2Fv2%2Fcomments&post=3397"}],"version-history":[{"count":4,"href":"http:\/\/heiko-stuetze.de\/index.php?rest_route=\/wp\/v2\/pages\/3397\/revisions"}],"predecessor-version":[{"id":3665,"href":"http:\/\/heiko-stuetze.de\/index.php?rest_route=\/wp\/v2\/pages\/3397\/revisions\/3665"}],"wp:attachment":[{"href":"http:\/\/heiko-stuetze.de\/index.php?rest_route=%2Fwp%2Fv2%2Fmedia&parent=3397"}],"curies":[{"name":"wp","href":"https:\/\/api.w.org\/{rel}","templated":true}]}}