{"id":3394,"date":"2018-05-24T06:42:45","date_gmt":"2018-05-24T06:42:45","guid":{"rendered":"http:\/\/heiko-stuetze.de\/?page_id=3394"},"modified":"2018-05-24T07:33:58","modified_gmt":"2018-05-24T07:33:58","slug":"impressum","status":"publish","type":"page","link":"http:\/\/heiko-stuetze.de\/?page_id=3394","title":{"rendered":"Impressum"},"content":{"rendered":"<p>[av_layerslider id=&#8217;4&#8242;]<\/p>\n<p>[av_one_third first min_height=&#8220; vertical_alignment=&#8217;av-align-top&#8216; space=&#8220; margin=&#8217;0px&#8216; margin_sync=&#8217;true&#8216; padding=&#8217;0px&#8216; padding_sync=&#8217;true&#8216; border=&#8220; border_color=&#8220; radius=&#8217;0px&#8216; radius_sync=&#8217;true&#8216; background_color=&#8220; src=&#8220; attachment=&#8220; attachment_size=&#8220; background_position=&#8217;top left&#8216; background_repeat=&#8217;no-repeat&#8216; animation=&#8217;fade-in&#8216; mobile_display=&#8220;]<br \/>\n[av_textblock size=&#8217;16&#8216; font_color=&#8220; color=&#8220;]<\/p>\n<p style=\"text-align: center;\"><b>Herausgeber, V.i.S.d.P.:<br \/>\nAutozentrumborbeck KFZ St\u00fctze Gbr<br \/>\nAuto Zentrum Borbeck<br \/>\n<\/b>Bochholder Stra\u00dfe 161<br \/>\n45355 Essen<\/p>\n<p style=\"text-align: center;\"><b>Tel:<\/b> +49 (0)201 67 48 18<br \/>\n<b>Fax: <\/b>+49 (0)201 65 17 44<br \/>\n<b>E-Mail:<\/b> <a title=\"\" href=\"mailto:info@autozentrumborbeck.de\" target=\"_blank\" rel=\"noopener\">info@autozentrumborbeck.de<\/a><\/p>\n<p>[\/av_textblock]<\/p>\n<p>[av_image src=&#8217;http:\/\/heiko-stuetze.de\/wp-content\/uploads\/2018\/05\/zoom4.jpg&#8216; attachment=&#8217;3350&#8242; attachment_size=&#8217;full&#8216; align=&#8217;center&#8216; styling=&#8220; hover=&#8217;av-hover-grow&#8216; link=&#8220; target=&#8220; caption=&#8220; font_size=&#8220; appearance=&#8220; overlay_opacity=&#8217;0.4&#8242; overlay_color=&#8217;#000000&#8242; overlay_text_color=&#8217;#ffffff&#8216; animation=&#8217;bottom-to-top&#8216;][\/av_image]<br \/>\n[\/av_one_third]<\/p>\n<p>[av_one_third min_height=&#8220; vertical_alignment=&#8217;av-align-top&#8216; space=&#8220; margin=&#8217;0px&#8216; margin_sync=&#8217;true&#8216; padding=&#8217;0px&#8216; padding_sync=&#8217;true&#8216; border=&#8220; border_color=&#8220; radius=&#8217;0px&#8216; radius_sync=&#8217;true&#8216; background_color=&#8220; src=&#8220; attachment=&#8220; attachment_size=&#8220; background_position=&#8217;top left&#8216; background_repeat=&#8217;no-repeat&#8216; animation=&#8217;fade-in&#8216; mobile_display=&#8220;]<br \/>\n[av_textblock size=&#8217;16&#8216; font_color=&#8220; color=&#8220;]<\/p>\n<pre style=\"text-align: center;\">GESCH\u00c4FTSF\u00dcHRER\r\nD.St\u00fctze - A.Grzenia\r\n\r\nUMSATZSTEUER-IDENTIFIKATIONSNUMMER\r\n111\/5809\/2790<\/pre>\n<p>[\/av_textblock]<\/p>\n<p>[av_image src=&#8217;http:\/\/heiko-stuetze.de\/wp-content\/uploads\/2018\/05\/zoom1.jpg&#8216; attachment=&#8217;3348&#8242; attachment_size=&#8217;full&#8216; align=&#8217;center&#8216; styling=&#8220; hover=&#8217;av-hover-grow&#8216; link=&#8220; target=&#8220; caption=&#8220; font_size=&#8220; appearance=&#8220; overlay_opacity=&#8217;0.4&#8242; overlay_color=&#8217;#000000&#8242; overlay_text_color=&#8217;#ffffff&#8216; animation=&#8217;bottom-to-top&#8216;][\/av_image]<br \/>\n[\/av_one_third]<\/p>\n<p>[av_one_third min_height=&#8220; vertical_alignment=&#8217;av-align-top&#8216; space=&#8220; margin=&#8217;0px&#8216; margin_sync=&#8217;true&#8216; padding=&#8217;0px&#8216; padding_sync=&#8217;true&#8216; border=&#8220; border_color=&#8220; radius=&#8217;0px&#8216; radius_sync=&#8217;true&#8216; background_color=&#8220; src=&#8220; attachment=&#8220; attachment_size=&#8220; background_position=&#8217;top left&#8216; background_repeat=&#8217;no-repeat&#8216; animation=&#8217;fade-in&#8216; mobile_display=&#8220;]<\/p>\n<p>[av_textblock size=&#8217;16&#8216; font_color=&#8220; color=&#8220;]<\/p>\n<div class=\"paragraph\">\n<p style=\"text-align: center;\">Trotz sorgf\u00e4ltiger Pr\u00fcfung k\u00f6nnen wir keine Haftung f\u00fcr die Inhalte externer Links \u00fcbernehmen. F\u00fcr den Inhalt diese Seiten sind ausschlie\u00dflich deren Betreiber verantwortlich.<\/p>\n<p style=\"text-align: center;\">Bildrechte:<br \/>\nCopyright \u00a9 an allen Inhalten\u00a0ausschlie\u00dflich bei KFZ St\u00fctze Gbr,\u00a0www.autozentrumborbeck.de\u00a0unter der genannten B\u00fcroadresse.\u00a0Nutzung auf irgendeine Weise,\u00a0insbesondere zur Werbung und\u00a0allgemein kommerziellem Einsatz\u00a0ist verboten und wird verfolgt.<\/p>\n<\/div>\n<p>[\/av_textblock]<\/p>\n<p>[av_image src=&#8217;http:\/\/heiko-stuetze.de\/wp-content\/uploads\/2018\/05\/zoom2.jpg&#8216; attachment=&#8217;3349&#8242; attachment_size=&#8217;full&#8216; align=&#8217;center&#8216; styling=&#8220; hover=&#8217;av-hover-grow&#8216; link=&#8220; target=&#8220; caption=&#8220; font_size=&#8220; appearance=&#8220; overlay_opacity=&#8217;0.4&#8242; overlay_color=&#8217;#000000&#8242; overlay_text_color=&#8217;#ffffff&#8216; animation=&#8217;bottom-to-top&#8216;][\/av_image]<\/p>\n<p>[\/av_one_third][av_hr class=&#8217;default&#8216; height=&#8217;50&#8216; shadow=&#8217;no-shadow&#8216; position=&#8217;center&#8216; custom_border=&#8217;av-border-thin&#8216; custom_width=&#8217;50px&#8216; custom_border_color=&#8220; custom_margin_top=&#8217;30px&#8216; custom_margin_bottom=&#8217;30px&#8216; icon_select=&#8217;yes&#8216; custom_icon_color=&#8220; icon=&#8217;ue808&#8242;]<\/p>\n","protected":false},"excerpt":{"rendered":"<p>[av_layerslider id=&#8217;4&#8242;] [av_one_third first min_height=&#8220; vertical_alignment=&#8217;av-align-top&#8216; space=&#8220; margin=&#8217;0px&#8216; margin_sync=&#8217;true&#8216; padding=&#8217;0px&#8216; padding_sync=&#8217;true&#8216; border=&#8220; border_color=&#8220; radius=&#8217;0px&#8216; radius_sync=&#8217;true&#8216; background_color=&#8220; src=&#8220; attachment=&#8220; attachment_size=&#8220; background_position=&#8217;top<\/p>\n<p><a href=\"http:\/\/heiko-stuetze.de\/?page_id=3394\" class=\"more-link\">Continue reading<span class=\"screen-reader-text\">Impressum<\/span><\/a><\/p>\n","protected":false},"author":1,"featured_media":0,"parent":0,"menu_order":0,"comment_status":"closed","ping_status":"closed","template":"","meta":[],"_links":{"self":[{"href":"http:\/\/heiko-stuetze.de\/index.php?rest_route=\/wp\/v2\/pages\/3394"}],"collection":[{"href":"http:\/\/heiko-stuetze.de\/index.php?rest_route=\/wp\/v2\/pages"}],"about":[{"href":"http:\/\/heiko-stuetze.de\/index.php?rest_route=\/wp\/v2\/types\/page"}],"author":[{"embeddable":true,"href":"http:\/\/heiko-stuetze.de\/index.php?rest_route=\/wp\/v2\/users\/1"}],"replies":[{"embeddable":true,"href":"http:\/\/heiko-stuetze.de\/index.php?rest_route=%2Fwp%2Fv2%2Fcomments&post=3394"}],"version-history":[{"count":3,"href":"http:\/\/heiko-stuetze.de\/index.php?rest_route=\/wp\/v2\/pages\/3394\/revisions"}],"predecessor-version":[{"id":3404,"href":"http:\/\/heiko-stuetze.de\/index.php?rest_route=\/wp\/v2\/pages\/3394\/revisions\/3404"}],"wp:attachment":[{"href":"http:\/\/heiko-stuetze.de\/index.php?rest_route=%2Fwp%2Fv2%2Fmedia&parent=3394"}],"curies":[{"name":"wp","href":"https:\/\/api.w.org\/{rel}","templated":true}]}}