{"id":3391,"date":"2018-05-24T06:42:15","date_gmt":"2018-05-24T06:42:15","guid":{"rendered":"http:\/\/heiko-stuetze.de\/?page_id=3391"},"modified":"2018-05-24T07:23:32","modified_gmt":"2018-05-24T07:23:32","slug":"kontakt","status":"publish","type":"page","link":"http:\/\/heiko-stuetze.de\/?page_id=3391","title":{"rendered":"Kontakt"},"content":{"rendered":"<p>[av_layerslider id=&#8217;4&#8242;]<\/p>\n<p>[av_one_third first min_height=&#8220; vertical_alignment=&#8217;av-align-top&#8216; space=&#8220; margin=&#8217;0px&#8216; margin_sync=&#8217;true&#8216; padding=&#8217;0px&#8216; padding_sync=&#8217;true&#8216; border=&#8220; border_color=&#8220; radius=&#8217;0px&#8216; radius_sync=&#8217;true&#8216; background_color=&#8220; src=&#8220; attachment=&#8220; attachment_size=&#8220; background_position=&#8217;top left&#8216; background_repeat=&#8217;no-repeat&#8216; animation=&#8217;fade-in&#8216; mobile_display=&#8220;]<\/p>\n<p>[av_textblock size=&#8217;16&#8216; font_color=&#8220; color=&#8220;]<\/p>\n<p style=\"text-align: center;\">F\u00fcr Informationen und Terminvereinbarungen stehen wir Ihnen unter folgenden Kontaktm\u00f6glichkeiten zur Verf\u00fcgung:<\/p>\n<p style=\"text-align: center;\">Bocholder Stra\u00dfe 161<br \/>\n45355 Essen<br \/>\nTel.: +49 (0)201 67 48 18<br \/>\n+49 (0)201 67 48 98<br \/>\nFax: +49 (0)201 65 17 44<\/p>\n<p>[\/av_textblock]<\/p>\n<p>[av_image src=&#8217;http:\/\/heiko-stuetze.de\/wp-content\/uploads\/2018\/05\/zoom4.jpg&#8216; attachment=&#8217;3350&#8242; attachment_size=&#8217;full&#8216; align=&#8217;center&#8216; styling=&#8220; hover=&#8217;av-hover-grow&#8216; link=&#8220; target=&#8220; caption=&#8220; font_size=&#8220; appearance=&#8220; overlay_opacity=&#8217;0.4&#8242; overlay_color=&#8217;#000000&#8242; overlay_text_color=&#8217;#ffffff&#8216; animation=&#8217;bottom-to-top&#8216;][\/av_image]<\/p>\n<p>[\/av_one_third][av_one_third min_height=&#8220; vertical_alignment=&#8217;av-align-top&#8216; space=&#8220; margin=&#8217;0px&#8216; margin_sync=&#8217;true&#8216; padding=&#8217;0px&#8216; padding_sync=&#8217;true&#8216; border=&#8220; border_color=&#8220; radius=&#8217;0px&#8216; radius_sync=&#8217;true&#8216; background_color=&#8220; src=&#8220; attachment=&#8220; attachment_size=&#8220; background_position=&#8217;top left&#8216; background_repeat=&#8217;no-repeat&#8216; animation=&#8217;bottom-to-top&#8216; mobile_display=&#8220;]<\/p>\n<p>[av_contact email=&#8217;info@autozentrumborbeck.de&#8216; title=&#8220; button=&#8217;Senden&#8216; on_send=&#8220; sent=&#8217;Ihre Nachricht wurde versendet!&#8216; link=&#8217;manually,http:\/\/&#8216; subject=&#8220; autorespond=&#8220; captcha=&#8220; form_align=&#8220; color=&#8220;]<br \/>\n[av_contact_field label=&#8217;Name&#8216; type=&#8217;text&#8216; check=&#8217;is_empty&#8216; options=&#8220; multi_select=&#8220; width=&#8220;][\/av_contact_field]<br \/>\n[av_contact_field label=&#8217;E-Mail&#8216; type=&#8217;text&#8216; check=&#8217;is_email&#8216; options=&#8220; multi_select=&#8220; width=&#8220;][\/av_contact_field]<br \/>\n[av_contact_field label=&#8217;Betreff&#8216; type=&#8217;text&#8216; check=&#8217;is_empty&#8216; options=&#8220; multi_select=&#8220; width=&#8220;][\/av_contact_field]<br \/>\n[av_contact_field label=&#8217;Nachricht&#8216; type=&#8217;textarea&#8216; check=&#8217;is_empty&#8216; options=&#8220; multi_select=&#8220; width=&#8220;][\/av_contact_field]<br \/>\n[\/av_contact]<\/p>\n<p>[\/av_one_third][av_one_third min_height=&#8220; vertical_alignment=&#8217;av-align-top&#8216; space=&#8220; margin=&#8217;0px&#8216; margin_sync=&#8217;true&#8216; padding=&#8217;0px&#8216; padding_sync=&#8217;true&#8216; border=&#8220; border_color=&#8220; radius=&#8217;0px&#8216; radius_sync=&#8217;true&#8216; background_color=&#8220; src=&#8220; attachment=&#8220; attachment_size=&#8220; background_position=&#8217;top left&#8216; background_repeat=&#8217;no-repeat&#8216; animation=&#8217;fade-in&#8216; mobile_display=&#8220;]<\/p>\n<p>[av_textblock size=&#8217;16&#8216; font_color=&#8220; color=&#8220;]<\/p>\n<p style=\"text-align: center;\">\u00d6ffnungszeiten:<br \/>\nMontag bis Donnerstag von 8.00 &#8211; 18.00 Uhr<br \/>\nFreitag von 8.00 &#8211; 17.00 Uhr<br \/>\nSamstag von 9.00 &#8211; 13.00 Uhr<\/p>\n<p>[\/av_textblock]<\/p>\n<p>[av_image src=&#8217;http:\/\/heiko-stuetze.de\/wp-content\/uploads\/2018\/05\/zoom2.jpg&#8216; attachment=&#8217;3349&#8242; attachment_size=&#8217;full&#8216; align=&#8217;center&#8216; styling=&#8220; hover=&#8217;av-hover-grow&#8216; link=&#8220; target=&#8220; caption=&#8220; font_size=&#8220; appearance=&#8220; overlay_opacity=&#8217;0.4&#8242; overlay_color=&#8217;#000000&#8242; overlay_text_color=&#8217;#ffffff&#8216; animation=&#8217;bottom-to-top&#8216;][\/av_image]<\/p>\n<p>[\/av_one_third][av_hr class=&#8217;default&#8216; height=&#8217;50&#8216; shadow=&#8217;no-shadow&#8216; position=&#8217;center&#8216; custom_border=&#8217;av-border-thin&#8216; custom_width=&#8217;50px&#8216; custom_border_color=&#8220; custom_margin_top=&#8217;30px&#8216; custom_margin_bottom=&#8217;30px&#8216; icon_select=&#8217;yes&#8216; custom_icon_color=&#8220; icon=&#8217;ue808&#8242;]<\/p>\n","protected":false},"excerpt":{"rendered":"<p>[av_layerslider id=&#8217;4&#8242;] [av_one_third first min_height=&#8220; vertical_alignment=&#8217;av-align-top&#8216; space=&#8220; margin=&#8217;0px&#8216; margin_sync=&#8217;true&#8216; padding=&#8217;0px&#8216; padding_sync=&#8217;true&#8216; border=&#8220; border_color=&#8220; radius=&#8217;0px&#8216; radius_sync=&#8217;true&#8216; background_color=&#8220; src=&#8220; attachment=&#8220; attachment_size=&#8220; background_position=&#8217;top<\/p>\n<p><a href=\"http:\/\/heiko-stuetze.de\/?page_id=3391\" class=\"more-link\">Continue reading<span class=\"screen-reader-text\">Kontakt<\/span><\/a><\/p>\n","protected":false},"author":1,"featured_media":0,"parent":0,"menu_order":0,"comment_status":"closed","ping_status":"closed","template":"","meta":[],"_links":{"self":[{"href":"http:\/\/heiko-stuetze.de\/index.php?rest_route=\/wp\/v2\/pages\/3391"}],"collection":[{"href":"http:\/\/heiko-stuetze.de\/index.php?rest_route=\/wp\/v2\/pages"}],"about":[{"href":"http:\/\/heiko-stuetze.de\/index.php?rest_route=\/wp\/v2\/types\/page"}],"author":[{"embeddable":true,"href":"http:\/\/heiko-stuetze.de\/index.php?rest_route=\/wp\/v2\/users\/1"}],"replies":[{"embeddable":true,"href":"http:\/\/heiko-stuetze.de\/index.php?rest_route=%2Fwp%2Fv2%2Fcomments&post=3391"}],"version-history":[{"count":3,"href":"http:\/\/heiko-stuetze.de\/index.php?rest_route=\/wp\/v2\/pages\/3391\/revisions"}],"predecessor-version":[{"id":3400,"href":"http:\/\/heiko-stuetze.de\/index.php?rest_route=\/wp\/v2\/pages\/3391\/revisions\/3400"}],"wp:attachment":[{"href":"http:\/\/heiko-stuetze.de\/index.php?rest_route=%2Fwp%2Fv2%2Fmedia&parent=3391"}],"curies":[{"name":"wp","href":"https:\/\/api.w.org\/{rel}","templated":true}]}}